{"id":13,"date":"2020-04-13T09:42:29","date_gmt":"2020-04-13T12:42:29","guid":{"rendered":"https:\/\/demosites.io\/doctor\/?page_id=13"},"modified":"2020-06-21T12:09:52","modified_gmt":"2020-06-21T15:09:52","slug":"contato","status":"publish","type":"page","link":"https:\/\/frioinox.com.br\/index.php\/contato\/","title":{"rendered":"Contato"},"content":{"rendered":"\t\t<div data-elementor-type=\"wp-page\" data-elementor-id=\"13\" class=\"elementor elementor-13\" data-elementor-settings=\"[]\">\n\t\t\t\t\t\t<div class=\"elementor-inner\">\n\t\t\t\t\t\t\t<div class=\"elementor-section-wrap\">\n\t\t\t\t\t\t\t<section data-particle_enable=\"true\" class=\"eael-section-particles-7f3f78e elementor-section elementor-top-section elementor-element elementor-element-7f3f78e elementor-section-boxed elementor-section-height-default elementor-section-height-default\" data-eael_ptheme_source=\"presets\" data-preset_theme=\"bubble\" data-custom_style=\"\" data-particle-mobile-disabled=\"false\" data-id=\"7f3f78e\" data-element_type=\"section\" data-settings=\"{&quot;background_background&quot;:&quot;gradient&quot;}\">\n\t\t\t\t\t\t\t<div class=\"elementor-background-overlay\"><\/div>\n\t\t\t\t\t\t\t<div class=\"elementor-container elementor-column-gap-default\">\n\t\t\t\t\t\t\t<div class=\"elementor-row\">\n\t\t\t\t\t<div class=\"elementor-column elementor-col-100 elementor-top-column elementor-element elementor-element-f9ca831\" data-id=\"f9ca831\" data-element_type=\"column\">\n\t\t\t<div class=\"elementor-column-wrap elementor-element-populated\">\n\t\t\t\t\t\t\t<div class=\"elementor-widget-wrap\">\n\t\t\t\t\t\t<section data-particle_enable=\"false\" data-particle-mobile-disabled=\"false\" class=\"elementor-section elementor-inner-section elementor-element elementor-element-60b3cfc elementor-section-boxed elementor-section-height-default elementor-section-height-default\" data-id=\"60b3cfc\" data-element_type=\"section\">\n\t\t\t\t\t\t<div class=\"elementor-container elementor-column-gap-default\">\n\t\t\t\t\t\t\t<div class=\"elementor-row\">\n\t\t\t\t\t<div class=\"elementor-column elementor-col-100 elementor-inner-column elementor-element elementor-element-4c8355a\" data-id=\"4c8355a\" data-element_type=\"column\">\n\t\t\t<div class=\"elementor-column-wrap elementor-element-populated\">\n\t\t\t\t\t\t\t<div class=\"elementor-widget-wrap\">\n\t\t\t\t\t\t<div class=\"elementor-element elementor-element-90b99f7 elementor-widget elementor-widget-heading\" data-id=\"90b99f7\" data-element_type=\"widget\" data-widget_type=\"heading.default\">\n\t\t\t\t<div class=\"elementor-widget-container\">\n\t\t\t<h1 class=\"elementor-heading-title elementor-size-default\">Fale conosco<\/h1>\t\t<\/div>\n\t\t\t\t<\/div>\n\t\t\t\t<div class=\"elementor-element elementor-element-4f406b2 elementor-widget elementor-widget-text-editor\" data-id=\"4f406b2\" data-element_type=\"widget\" data-widget_type=\"text-editor.default\">\n\t\t\t\t<div class=\"elementor-widget-container\">\n\t\t\t\t\t<div class=\"elementor-text-editor elementor-clearfix\"><p>Ligue, mande mensagem ou nos visite pessoalmente<\/p><\/div>\n\t\t\t\t<\/div>\n\t\t\t\t<\/div>\n\t\t\t\t\t\t<\/div>\n\t\t\t\t\t<\/div>\n\t\t<\/div>\n\t\t\t\t\t\t\t\t<\/div>\n\t\t\t\t\t<\/div>\n\t\t<\/section>\n\t\t\t\t\t\t<\/div>\n\t\t\t\t\t<\/div>\n\t\t<\/div>\n\t\t\t\t\t\t\t\t<\/div>\n\t\t\t\t\t<\/div>\n\t\t<\/section>\n\t\t            <style>\n                .elementor-element-7f3f78e.eael-particles-section > canvas {\n                    z-index: -1;\n                    position: absolute;\n                    top:0;\n                }\n            <\/style>\n        \t\t<section data-particle_enable=\"false\" data-particle-mobile-disabled=\"false\" class=\"elementor-section elementor-top-section elementor-element elementor-element-c8d0d0c elementor-section-boxed elementor-section-height-default elementor-section-height-default\" data-id=\"c8d0d0c\" data-element_type=\"section\" data-settings=\"{&quot;background_background&quot;:&quot;classic&quot;}\">\n\t\t\t\t\t\t\t<div class=\"elementor-background-overlay\"><\/div>\n\t\t\t\t\t\t\t<div class=\"elementor-container elementor-column-gap-default\">\n\t\t\t\t\t\t\t<div class=\"elementor-row\">\n\t\t\t\t\t<div class=\"elementor-column elementor-col-100 elementor-top-column elementor-element elementor-element-17ae2be\" data-id=\"17ae2be\" data-element_type=\"column\">\n\t\t\t<div class=\"elementor-column-wrap elementor-element-populated\">\n\t\t\t\t\t\t\t<div class=\"elementor-widget-wrap\">\n\t\t\t\t\t\t<div class=\"elementor-element elementor-element-11973d6 elementor-widget elementor-widget-heading\" data-id=\"11973d6\" data-element_type=\"widget\" data-widget_type=\"heading.default\">\n\t\t\t\t<div class=\"elementor-widget-container\">\n\t\t\t<h2 class=\"elementor-heading-title elementor-size-default\">Frio Inox - A Empresa<\/h2>\t\t<\/div>\n\t\t\t\t<\/div>\n\t\t\t\t<div class=\"elementor-element elementor-element-6006b51 elementor-widget-divider--view-line elementor-widget elementor-widget-divider\" data-id=\"6006b51\" data-element_type=\"widget\" data-widget_type=\"divider.default\">\n\t\t\t\t<div class=\"elementor-widget-container\">\n\t\t\t\t\t<div class=\"elementor-divider\">\n\t\t\t<span class=\"elementor-divider-separator\">\n\t\t\t\t\t\t<\/span>\n\t\t<\/div>\n\t\t\t\t<\/div>\n\t\t\t\t<\/div>\n\t\t\t\t<div class=\"elementor-element elementor-element-c38888c elementor-widget elementor-widget-text-editor\" data-id=\"c38888c\" data-element_type=\"widget\" data-widget_type=\"text-editor.default\">\n\t\t\t\t<div class=\"elementor-widget-container\">\n\t\t\t\t\t<div class=\"elementor-text-editor elementor-clearfix\"><p>A\u00a0<strong>FRIOINOX<\/strong>\u00a0\u00e9 uma empresa que nasceu em 2007 como uma ind\u00fastria especializada na fabrica\u00e7\u00e3o e manuten\u00e7\u00e3o de equipamentos de a\u00e7o inoxid\u00e1vel nas \u00e1res de\u00a0<strong>refrigera\u00e7\u00e3o, lavagens, armazenamento, coc\u00e7\u00e3o, sistemas de exaust\u00f5es, exposi\u00e7\u00f5es e outros artefatos<\/strong>. Trabalhamos com instala\u00e7\u00f5es em lojas comerciais, normalmente cozinhas industriais, padaria, a\u00e7ougues, bares e restaurantes.<\/p><p>A\u00a0<strong>FRIOINOX<\/strong>\u00a0\u00e9 uma das empresas do ramo que mais cresceu nos \u00faltimos anos, no Centro-Oeste. Tudo gra\u00e7as ao respeito aos seus clientes, o bom atendimento, a clareza em seus neg\u00f3cios, o respeito aos seus fornecedores, a qualidade de seus produtos e a pontualidade na entrega.<\/p><p>A empresa\u00a0<strong>FRIOINOX<\/strong>\u00a0nasceu com o seguinte conceito: \u201cO desempenho de uma empresa \u00e9 baseado em solu\u00e7\u00f5es de problemas, se for um problema, tem solu\u00e7\u00e3o, ent\u00e3o n\u00e3o deve ser um problema. N\u00e3o existe um caminho novo. O que existe de novo \u00e9 o jeito de caminhar e \u00e9 bom saber que a gente trope\u00e7a sempre nas pedras pequenas, porque as grandes a gente enxerga de longe, e saber administra essas situa\u00e7\u00f5es \u00e9 o que caracteriza um comportamento otimista e de prosperidade\u201d.<\/p><p>Cada cliente que conquistamos \u00e9 mais um amigos que formamos.<\/p><\/div>\n\t\t\t\t<\/div>\n\t\t\t\t<\/div>\n\t\t\t\t<div class=\"elementor-element elementor-element-f5a6484 elementor-align-center elementor-mobile-align-left elementor-icon-list--layout-traditional elementor-list-item-link-full_width elementor-widget elementor-widget-icon-list\" data-id=\"f5a6484\" data-element_type=\"widget\" data-widget_type=\"icon-list.default\">\n\t\t\t\t<div class=\"elementor-widget-container\">\n\t\t\t\t\t<ul class=\"elementor-icon-list-items\">\n\t\t\t\t\t\t\t<li class=\"elementor-icon-list-item\">\n\t\t\t\t\t\t\t\t\t\t\t<span class=\"elementor-icon-list-icon\">\n\t\t\t\t\t\t\t<i aria-hidden=\"true\" class=\"fas fa-map-marker-alt\"><\/i>\t\t\t\t\t\t<\/span>\n\t\t\t\t\t\t\t\t\t\t<span class=\"elementor-icon-list-text\">QI 02 Lt 180 Industrial - Gama - Setor Leste\/DF - (61)3484-3235 \/ 8144-3494 \/ 9107-3058<\/span>\n\t\t\t\t\t\t\t\t\t<\/li>\n\t\t\t\t\t\t<\/ul>\n\t\t\t\t<\/div>\n\t\t\t\t<\/div>\n\t\t\t\t<div class=\"elementor-element elementor-element-fbc1099 elementor-widget elementor-widget-spacer\" data-id=\"fbc1099\" data-element_type=\"widget\" data-widget_type=\"spacer.default\">\n\t\t\t\t<div class=\"elementor-widget-container\">\n\t\t\t\t\t<div class=\"elementor-spacer\">\n\t\t\t<div class=\"elementor-spacer-inner\"><\/div>\n\t\t<\/div>\n\t\t\t\t<\/div>\n\t\t\t\t<\/div>\n\t\t\t\t\t\t<\/div>\n\t\t\t\t\t<\/div>\n\t\t<\/div>\n\t\t\t\t\t\t\t\t<\/div>\n\t\t\t\t\t<\/div>\n\t\t<\/section>\n\t\t\t\t<section data-particle_enable=\"false\" data-particle-mobile-disabled=\"false\" class=\"elementor-section elementor-top-section elementor-element elementor-element-09fee68 elementor-section-height-min-height elementor-section-boxed elementor-section-height-default elementor-section-items-middle\" data-id=\"09fee68\" data-element_type=\"section\" data-settings=\"{&quot;background_background&quot;:&quot;classic&quot;}\">\n\t\t\t\t\t\t<div class=\"elementor-container elementor-column-gap-default\">\n\t\t\t\t\t\t\t<div class=\"elementor-row\">\n\t\t\t\t\t<div class=\"elementor-column elementor-col-100 elementor-top-column elementor-element elementor-element-f93ce88\" data-id=\"f93ce88\" data-element_type=\"column\">\n\t\t\t<div class=\"elementor-column-wrap elementor-element-populated\">\n\t\t\t\t\t\t\t<div class=\"elementor-widget-wrap\">\n\t\t\t\t\t\t<div class=\"elementor-element elementor-element-cb10b27 elementor-widget elementor-widget-google_maps\" data-id=\"cb10b27\" data-element_type=\"widget\" data-widget_type=\"google_maps.default\">\n\t\t\t\t<div class=\"elementor-widget-container\">\n\t\t\t<div class=\"elementor-custom-embed\"><iframe frameborder=\"0\" scrolling=\"no\" marginheight=\"0\" marginwidth=\"0\" src=\"https:\/\/maps.google.com\/maps?q=frioinox&amp;t=m&amp;z=15&amp;output=embed&amp;iwloc=near\" title=\"frioinox\" aria-label=\"frioinox\"><\/iframe><\/div>\t\t<\/div>\n\t\t\t\t<\/div>\n\t\t\t\t\t\t<\/div>\n\t\t\t\t\t<\/div>\n\t\t<\/div>\n\t\t\t\t\t\t\t\t<\/div>\n\t\t\t\t\t<\/div>\n\t\t<\/section>\n\t\t\t\t<section data-particle_enable=\"false\" data-particle-mobile-disabled=\"false\" class=\"elementor-section elementor-top-section elementor-element elementor-element-3900d0e elementor-section-boxed elementor-section-height-default elementor-section-height-default\" data-id=\"3900d0e\" data-element_type=\"section\" data-settings=\"{&quot;background_background&quot;:&quot;classic&quot;}\">\n\t\t\t\t\t\t<div class=\"elementor-container elementor-column-gap-default\">\n\t\t\t\t\t\t\t<div class=\"elementor-row\">\n\t\t\t\t\t<div class=\"elementor-column elementor-col-100 elementor-top-column elementor-element elementor-element-fc7da62\" data-id=\"fc7da62\" data-element_type=\"column\">\n\t\t\t<div class=\"elementor-column-wrap elementor-element-populated\">\n\t\t\t\t\t\t\t<div class=\"elementor-widget-wrap\">\n\t\t\t\t\t\t<section data-particle_enable=\"false\" data-particle-mobile-disabled=\"false\" class=\"elementor-section elementor-inner-section elementor-element elementor-element-b4641bc elementor-section-boxed elementor-section-height-default elementor-section-height-default\" data-id=\"b4641bc\" data-element_type=\"section\">\n\t\t\t\t\t\t<div class=\"elementor-container elementor-column-gap-default\">\n\t\t\t\t\t\t\t<div class=\"elementor-row\">\n\t\t\t\t\t<div class=\"elementor-column elementor-col-50 elementor-inner-column elementor-element elementor-element-ab27503\" data-id=\"ab27503\" data-element_type=\"column\" data-settings=\"{&quot;background_background&quot;:&quot;classic&quot;}\">\n\t\t\t<div class=\"elementor-column-wrap elementor-element-populated\">\n\t\t\t\t\t\t\t<div class=\"elementor-widget-wrap\">\n\t\t\t\t\t\t<div class=\"elementor-element elementor-element-02caa23 elementor-widget elementor-widget-heading\" data-id=\"02caa23\" data-element_type=\"widget\" data-widget_type=\"heading.default\">\n\t\t\t\t<div class=\"elementor-widget-container\">\n\t\t\t<h3 class=\"elementor-heading-title elementor-size-default\">Contatos<\/h3>\t\t<\/div>\n\t\t\t\t<\/div>\n\t\t\t\t<div class=\"elementor-element elementor-element-f68cf6b elementor-align-left elementor-icon-list--layout-traditional elementor-list-item-link-full_width elementor-widget elementor-widget-icon-list\" data-id=\"f68cf6b\" data-element_type=\"widget\" data-widget_type=\"icon-list.default\">\n\t\t\t\t<div class=\"elementor-widget-container\">\n\t\t\t\t\t<ul class=\"elementor-icon-list-items\">\n\t\t\t\t\t\t\t<li class=\"elementor-icon-list-item\">\n\t\t\t\t\t\t\t\t\t\t\t<span class=\"elementor-icon-list-icon\">\n\t\t\t\t\t\t\t<i aria-hidden=\"true\" class=\"fas fa-map-marker-alt\"><\/i>\t\t\t\t\t\t<\/span>\n\t\t\t\t\t\t\t\t\t\t<span class=\"elementor-icon-list-text\">QI 02 Lt 180 Industrial - Gama - Setor Leste\/DF<\/span>\n\t\t\t\t\t\t\t\t\t<\/li>\n\t\t\t\t\t\t\t\t<li class=\"elementor-icon-list-item\">\n\t\t\t\t\t\t\t\t\t\t\t<span class=\"elementor-icon-list-icon\">\n\t\t\t\t\t\t\t<i aria-hidden=\"true\" class=\"fas fa-phone-alt\"><\/i>\t\t\t\t\t\t<\/span>\n\t\t\t\t\t\t\t\t\t\t<span class=\"elementor-icon-list-text\">(61) 3484-3235<\/span>\n\t\t\t\t\t\t\t\t\t<\/li>\n\t\t\t\t\t\t\t\t<li class=\"elementor-icon-list-item\">\n\t\t\t\t\t\t\t\t\t\t\t<span class=\"elementor-icon-list-icon\">\n\t\t\t\t\t\t\t<i aria-hidden=\"true\" class=\"fas fa-phone-alt\"><\/i>\t\t\t\t\t\t<\/span>\n\t\t\t\t\t\t\t\t\t\t<span class=\"elementor-icon-list-text\">(61) 9 8144-3494<\/span>\n\t\t\t\t\t\t\t\t\t<\/li>\n\t\t\t\t\t\t\t\t<li class=\"elementor-icon-list-item\">\n\t\t\t\t\t\t\t\t\t\t\t<span class=\"elementor-icon-list-icon\">\n\t\t\t\t\t\t\t<i aria-hidden=\"true\" class=\"fab fa-whatsapp\"><\/i>\t\t\t\t\t\t<\/span>\n\t\t\t\t\t\t\t\t\t\t<span class=\"elementor-icon-list-text\">(61) 9 9107-3058<\/span>\n\t\t\t\t\t\t\t\t\t<\/li>\n\t\t\t\t\t\t\t\t<li class=\"elementor-icon-list-item\">\n\t\t\t\t\t\t\t\t\t\t\t<span class=\"elementor-icon-list-icon\">\n\t\t\t\t\t\t\t<i aria-hidden=\"true\" class=\"fas fa-envelope\"><\/i>\t\t\t\t\t\t<\/span>\n\t\t\t\t\t\t\t\t\t\t<span class=\"elementor-icon-list-text\">contato@frioinox.com.br<\/span>\n\t\t\t\t\t\t\t\t\t<\/li>\n\t\t\t\t\t\t<\/ul>\n\t\t\t\t<\/div>\n\t\t\t\t<\/div>\n\t\t\t\t\t\t<\/div>\n\t\t\t\t\t<\/div>\n\t\t<\/div>\n\t\t\t\t<div class=\"elementor-column elementor-col-50 elementor-inner-column elementor-element elementor-element-57129cb\" data-id=\"57129cb\" data-element_type=\"column\" data-settings=\"{&quot;background_background&quot;:&quot;classic&quot;}\">\n\t\t\t<div class=\"elementor-column-wrap elementor-element-populated\">\n\t\t\t\t\t\t\t<div class=\"elementor-widget-wrap\">\n\t\t\t\t\t\t<div class=\"elementor-element elementor-element-bf657b5 elementor-widget elementor-widget-heading\" data-id=\"bf657b5\" data-element_type=\"widget\" data-widget_type=\"heading.default\">\n\t\t\t\t<div class=\"elementor-widget-container\">\n\t\t\t<h2 class=\"elementor-heading-title elementor-size-default\">Envie sua mensagem<\/h2>\t\t<\/div>\n\t\t\t\t<\/div>\n\t\t\t\t<div class=\"elementor-element elementor-element-9135eaf text-normal elementor-widget elementor-widget-heading\" data-id=\"9135eaf\" data-element_type=\"widget\" data-widget_type=\"heading.default\">\n\t\t\t\t<div class=\"elementor-widget-container\">\n\t\t\t<span class=\"elementor-heading-title elementor-size-default\">Precisa de um or\u00e7amento mais formal e personalizado? Solicite aqui e receba a resposta via email<\/span>\t\t<\/div>\n\t\t\t\t<\/div>\n\t\t\t\t<div class=\"elementor-element elementor-element-1282a47 elementor-widget elementor-widget-1282a47\" data-id=\"1282a47\" data-element_type=\"widget\" data-widget_type=\"1282a47.default\">\n\t\t\t\t<div class=\"elementor-widget-container\">\n\t\t\t<form action=\"https:\/\/frioinox.com.br\/wp-admin\/admin-post.php\" method=\"post\" name=\"content-form-1282a47\" id=\"content-form-1282a47\" class=\"content-form content-form-contact 1282a47\"><input type=\"hidden\" id=\"_wpnonce_contact\" name=\"_wpnonce_contact\" value=\"564c8cc208\" \/><input type=\"hidden\" name=\"_wp_http_referer\" value=\"\/index.php\/wp-json\/wp\/v2\/pages\/13\" \/><input type=\"hidden\" name=\"action\" value=\"content_form_submit\" \/><input type=\"hidden\" name=\"form-type\" value=\"contact\" \/><input type=\"hidden\" name=\"form-builder\" value=\"elementor\" \/><input type=\"hidden\" name=\"post-id\" value=\"13\" \/><input type=\"hidden\" name=\"form-id\" value=\"1282a47\" \/>\n\n        <fieldset class=\"content-form-field-text elementor-column elementor-col-50\">\n\n            <label for=\"data[1282a47][nome]\"\n\t\t\t\t>\n\t\t\t\tNome            <\/label>\n\n\t\t\t                    <input type=\"text\" name=\"data[1282a47][nome]\" id=\"data[1282a47][nome]\"\n\t\t\t\t\t\t  placeholder=\"Nome Completo\">\n\t\t\t\t\t        <\/fieldset>\n\t\t\n\n        <fieldset class=\"content-form-field-email elementor-column elementor-col-50\">\n\n            <label for=\"data[1282a47][email]\"\n\t\t\t\t>\n\t\t\t\tEmail<span class=\"required-mark\"> *<\/span>            <\/label>\n\n\t\t\t                    <input type=\"text\" name=\"data[1282a47][email]\" id=\"data[1282a47][email]\"\n\t\t\t\t\t\trequired=\"required\"  placeholder=\"Email \">\n\t\t\t\t\t        <\/fieldset>\n\t\t\n\n        <fieldset class=\"content-form-field-textarea elementor-column elementor-col-100\">\n\n            <label for=\"data[1282a47][message]\"\n\t\t\t\t>\n\t\t\t\tMensagem<span class=\"required-mark\"> *<\/span>            <\/label>\n\n\t\t\t                    <textarea name=\"data[1282a47][message]\" id=\"data[1282a47][message]\"\n\t\t\t\t\t\t\t\t\t\t\t\trequired=\"required\"                              placeholder=\"Escreva sua mensagem aqui\"\n                              cols=\"30\" rows=\"5\"><\/textarea>\n\t\t\t\t\t        <\/fieldset>\n\t\t        <fieldset class=\"submit-form contact\">\n            <button type=\"submit\" name=\"submit\" value=\"submit-contact-1282a47\" class=\"\">\n\t            Envia Mensagem                            <\/button>\n        <\/fieldset>\n\t\t<\/form>\t\t<\/div>\n\t\t\t\t<\/div>\n\t\t\t\t\t\t<\/div>\n\t\t\t\t\t<\/div>\n\t\t<\/div>\n\t\t\t\t\t\t\t\t<\/div>\n\t\t\t\t\t<\/div>\n\t\t<\/section>\n\t\t\t\t\t\t<\/div>\n\t\t\t\t\t<\/div>\n\t\t<\/div>\n\t\t\t\t\t\t\t\t<\/div>\n\t\t\t\t\t<\/div>\n\t\t<\/section>\n\t\t\t\t\t\t<\/div>\n\t\t\t\t\t\t<\/div>\n\t\t\t\t\t<\/div>\n\t\t","protected":false},"excerpt":{"rendered":"<p>Fale conosco Ligue, mande mensagem ou nos visite pessoalmente Frio Inox &#8211; A Empresa A\u00a0FRIOINOX\u00a0\u00e9 uma empresa que nasceu em 2007 como uma ind\u00fastria especializada na fabrica\u00e7\u00e3o e manuten\u00e7\u00e3o de equipamentos de a\u00e7o inoxid\u00e1vel nas \u00e1res de\u00a0refrigera\u00e7\u00e3o, lavagens, armazenamento, coc\u00e7\u00e3o, sistemas de exaust\u00f5es, exposi\u00e7\u00f5es e outros artefatos. Trabalhamos com instala\u00e7\u00f5es em lojas comerciais, normalmente cozinhas&hellip;&nbsp;<a href=\"https:\/\/frioinox.com.br\/index.php\/contato\/\" class=\"\" rel=\"bookmark\">Continue a ler &raquo;<span class=\"screen-reader-text\">Contato<\/span><\/a><\/p>\n","protected":false},"author":2,"featured_media":0,"parent":0,"menu_order":0,"comment_status":"closed","ping_status":"closed","template":"page-templates\/template-pagebuilder-full-width.php","meta":[],"_links":{"self":[{"href":"https:\/\/frioinox.com.br\/index.php\/wp-json\/wp\/v2\/pages\/13"}],"collection":[{"href":"https:\/\/frioinox.com.br\/index.php\/wp-json\/wp\/v2\/pages"}],"about":[{"href":"https:\/\/frioinox.com.br\/index.php\/wp-json\/wp\/v2\/types\/page"}],"author":[{"embeddable":true,"href":"https:\/\/frioinox.com.br\/index.php\/wp-json\/wp\/v2\/users\/2"}],"replies":[{"embeddable":true,"href":"https:\/\/frioinox.com.br\/index.php\/wp-json\/wp\/v2\/comments?post=13"}],"version-history":[{"count":7,"href":"https:\/\/frioinox.com.br\/index.php\/wp-json\/wp\/v2\/pages\/13\/revisions"}],"predecessor-version":[{"id":331,"href":"https:\/\/frioinox.com.br\/index.php\/wp-json\/wp\/v2\/pages\/13\/revisions\/331"}],"wp:attachment":[{"href":"https:\/\/frioinox.com.br\/index.php\/wp-json\/wp\/v2\/media?parent=13"}],"curies":[{"name":"wp","href":"https:\/\/api.w.org\/{rel}","templated":true}]}}